{"id":13,"date":"2023-07-27T01:25:11","date_gmt":"2023-07-27T01:25:11","guid":{"rendered":"https:\/\/collegesaintemarie.ddec.nc\/?page_id=13"},"modified":"2026-02-20T03:24:05","modified_gmt":"2026-02-20T03:24:05","slug":"presentation","status":"publish","type":"page","link":"https:\/\/collegesaintemarie.ddec.nc\/?page_id=13","title":{"rendered":"Pr\u00e9sentation"},"content":{"rendered":"\t\t<div data-elementor-type=\"wp-page\" data-elementor-id=\"13\" class=\"elementor elementor-13\" data-elementor-post-type=\"page\">\n\t\t\t\t\t\t<section class=\"elementor-section elementor-top-section elementor-element elementor-element-f7eb388 elementor-section-height-min-height elementor-section-boxed elementor-section-height-default elementor-section-items-middle\" data-id=\"f7eb388\" data-element_type=\"section\" data-e-type=\"section\" data-settings=\"{&quot;background_background&quot;:&quot;classic&quot;}\">\n\t\t\t\t\t\t<div class=\"elementor-container elementor-column-gap-default\">\n\t\t\t\t\t<div class=\"elementor-column elementor-col-100 elementor-top-column elementor-element elementor-element-f6f7e0a\" data-id=\"f6f7e0a\" data-element_type=\"column\" data-e-type=\"column\">\n\t\t\t<div class=\"elementor-widget-wrap elementor-element-populated\">\n\t\t\t\t\t\t<div class=\"elementor-element elementor-element-7b2c6cf elementor-widget elementor-widget-text-editor\" data-id=\"7b2c6cf\" data-element_type=\"widget\" data-e-type=\"widget\" data-widget_type=\"text-editor.default\">\n\t\t\t\t<div class=\"elementor-widget-container\">\n\t\t\t\t\t\t\t\t\t<p>Notre \u00e9tablissement\u00a0<\/p>\t\t\t\t\t\t\t\t<\/div>\n\t\t\t\t<\/div>\n\t\t\t\t<div class=\"elementor-element elementor-element-c5feee9 elementor-widget elementor-widget-heading\" data-id=\"c5feee9\" data-element_type=\"widget\" data-e-type=\"widget\" data-widget_type=\"heading.default\">\n\t\t\t\t<div class=\"elementor-widget-container\">\n\t\t\t\t\t<h1 class=\"elementor-heading-title elementor-size-default\">Qui sommes-nous?<\/h1>\t\t\t\t<\/div>\n\t\t\t\t<\/div>\n\t\t\t\t\t<\/div>\n\t\t<\/div>\n\t\t\t\t\t<\/div>\n\t\t<\/section>\n\t\t\t\t<section class=\"elementor-section elementor-top-section elementor-element elementor-element-cc24fad elementor-section-height-min-height elementor-section-boxed elementor-section-height-default elementor-section-items-middle\" data-id=\"cc24fad\" data-element_type=\"section\" data-e-type=\"section\">\n\t\t\t\t\t\t<div class=\"elementor-container elementor-column-gap-default\">\n\t\t\t\t\t<div class=\"elementor-column elementor-col-33 elementor-top-column elementor-element elementor-element-f2cbcab\" data-id=\"f2cbcab\" data-element_type=\"column\" data-e-type=\"column\">\n\t\t\t<div class=\"elementor-widget-wrap elementor-element-populated\">\n\t\t\t\t\t\t<div class=\"elementor-element elementor-element-daccbfc elementor-widget elementor-widget-heading\" data-id=\"daccbfc\" data-element_type=\"widget\" data-e-type=\"widget\" data-widget_type=\"heading.default\">\n\t\t\t\t<div class=\"elementor-widget-container\">\n\t\t\t\t\t<h2 class=\"elementor-heading-title elementor-size-default\">L'\u00e9quipe de direction<\/h2>\t\t\t\t<\/div>\n\t\t\t\t<\/div>\n\t\t\t\t<div class=\"elementor-element elementor-element-e84e0f8 elementor-widget elementor-widget-heading\" data-id=\"e84e0f8\" data-element_type=\"widget\" data-e-type=\"widget\" data-widget_type=\"heading.default\">\n\t\t\t\t<div class=\"elementor-widget-container\">\n\t\t\t\t\t<h2 class=\"elementor-heading-title elementor-size-default\">Bienvenue !<\/h2>\t\t\t\t<\/div>\n\t\t\t\t<\/div>\n\t\t\t\t<div class=\"elementor-element elementor-element-adf1152 elementor-widget__width-initial elementor-widget elementor-widget-image\" data-id=\"adf1152\" data-element_type=\"widget\" data-e-type=\"widget\" data-widget_type=\"image.default\">\n\t\t\t\t<div class=\"elementor-widget-container\">\n\t\t\t\t\t\t\t\t\t\t\t\t\t\t\t<img fetchpriority=\"high\" decoding=\"async\" width=\"1600\" height=\"1067\" src=\"https:\/\/collegesaintemarie.ddec.nc\/wp-content\/uploads\/2026\/02\/Equipe-de-direction.jpg\" class=\"attachment-full size-full wp-image-1697\" alt=\"\" srcset=\"https:\/\/collegesaintemarie.ddec.nc\/wp-content\/uploads\/2026\/02\/Equipe-de-direction.jpg 1600w, https:\/\/collegesaintemarie.ddec.nc\/wp-content\/uploads\/2026\/02\/Equipe-de-direction-300x200.jpg 300w, https:\/\/collegesaintemarie.ddec.nc\/wp-content\/uploads\/2026\/02\/Equipe-de-direction-1024x683.jpg 1024w, https:\/\/collegesaintemarie.ddec.nc\/wp-content\/uploads\/2026\/02\/Equipe-de-direction-768x512.jpg 768w, https:\/\/collegesaintemarie.ddec.nc\/wp-content\/uploads\/2026\/02\/Equipe-de-direction-1536x1024.jpg 1536w\" sizes=\"(max-width: 1600px) 100vw, 1600px\" \/>\t\t\t\t\t\t\t\t\t\t\t\t\t\t\t<\/div>\n\t\t\t\t<\/div>\n\t\t\t\t\t<\/div>\n\t\t<\/div>\n\t\t\t\t<div class=\"elementor-column elementor-col-66 elementor-top-column elementor-element elementor-element-36e95a0\" data-id=\"36e95a0\" data-element_type=\"column\" data-e-type=\"column\">\n\t\t\t<div class=\"elementor-widget-wrap elementor-element-populated\">\n\t\t\t\t\t\t<div class=\"elementor-element elementor-element-258a79f elementor-widget__width-initial elementor-widget elementor-widget-text-editor\" data-id=\"258a79f\" data-element_type=\"widget\" data-e-type=\"widget\" data-widget_type=\"text-editor.default\">\n\t\t\t\t<div class=\"elementor-widget-container\">\n\t\t\t\t\t\t\t\t\t<p>Bienvenue au Coll\u00e8ge Sainte Marie, lieu d&rsquo;apprentissage, de d\u00e9couvertes et d&rsquo;\u00e9panouissement. Au del\u00e0 d&rsquo;\u00eatre un \u00e9tablissement scolaire priv\u00e9, il incarne une communaut\u00e9 \u00e9ducative et engag\u00e9e, o\u00f9 chaque \u00e9l\u00e8ve est au c\u0153ur de nos pr\u00e9occupations.<\/p><p>Au sein de nos murs remplis d&rsquo;histoire, nous aspirons \u00e0 offrir un enseignement de qualit\u00e9 qui encourage le d\u00e9veloppement personnel et la cr\u00e9ativit\u00e9. Notre \u00e9quipe p\u00e9dagogique s&rsquo;efforce quotidiennement de guider nos \u00e9l\u00e8ves vers l&rsquo;acquisition de connaissances solides, de comp\u00e9tences essentielles ainsi que de valeurs pastorales et humaines.<\/p><p>En tant qu&rsquo;ancien \u00e9l\u00e8ve de l&rsquo;\u00e9tablissement et aujourd&rsquo;hui directeur, je m&rsquo;engage \u00e0 maintenir un environnement o\u00f9 la bienveillance, le respect et la diversit\u00e9 sont au c\u0153ur de nos actions. Notre objectif est de pr\u00e9parer nos \u00e9l\u00e8ves \u00e0 leur r\u00e9ussite personnelle tout en cultivant leur sens des responsabilit\u00e9s en tant que futurs citoyens cal\u00e9doniens.<\/p><p>Ensemble, nous \u0153uvrons pour fa\u00e7onner un avenir prometteur pour chaque jeune qui franchit nos portes.<\/p><p>Va\u00efnui LAAKAUPAU<br \/>Directeur du Coll\u00e8ge Sainte Marie<\/p>\t\t\t\t\t\t\t\t<\/div>\n\t\t\t\t<\/div>\n\t\t\t\t\t<\/div>\n\t\t<\/div>\n\t\t\t\t\t<\/div>\n\t\t<\/section>\n\t\t\t\t<section class=\"elementor-section elementor-top-section elementor-element elementor-element-105e6ab elementor-reverse-tablet elementor-reverse-mobile elementor-section-boxed elementor-section-height-default elementor-section-height-default\" data-id=\"105e6ab\" data-element_type=\"section\" data-e-type=\"section\">\n\t\t\t\t\t\t<div class=\"elementor-container elementor-column-gap-default\">\n\t\t\t\t\t<div class=\"elementor-column elementor-col-33 elementor-top-column elementor-element elementor-element-28a2e2a\" data-id=\"28a2e2a\" data-element_type=\"column\" data-e-type=\"column\" data-settings=\"{&quot;background_background&quot;:&quot;classic&quot;}\">\n\t\t\t<div class=\"elementor-widget-wrap\">\n\t\t\t\t\t<div class=\"elementor-background-overlay\"><\/div>\n\t\t\t\t\t\t\t<\/div>\n\t\t<\/div>\n\t\t\t\t<div class=\"elementor-column elementor-col-66 elementor-top-column elementor-element elementor-element-5f2d728\" data-id=\"5f2d728\" data-element_type=\"column\" data-e-type=\"column\">\n\t\t\t<div class=\"elementor-widget-wrap elementor-element-populated\">\n\t\t\t\t\t\t<div class=\"elementor-element elementor-element-ebf0470 elementor-widget elementor-widget-heading\" data-id=\"ebf0470\" data-element_type=\"widget\" data-e-type=\"widget\" data-widget_type=\"heading.default\">\n\t\t\t\t<div class=\"elementor-widget-container\">\n\t\t\t\t\t<h4 class=\"elementor-heading-title elementor-size-default\">Notre histoire<\/h4>\t\t\t\t<\/div>\n\t\t\t\t<\/div>\n\t\t\t\t<div class=\"elementor-element elementor-element-4894cdf elementor-widget elementor-widget-heading\" data-id=\"4894cdf\" data-element_type=\"widget\" data-e-type=\"widget\" data-widget_type=\"heading.default\">\n\t\t\t\t<div class=\"elementor-widget-container\">\n\t\t\t\t\t<h2 class=\"elementor-heading-title elementor-size-default\">D'orphelinat \u00e0 coll\u00e8ge<\/h2>\t\t\t\t<\/div>\n\t\t\t\t<\/div>\n\t\t\t\t\t<\/div>\n\t\t<\/div>\n\t\t\t\t\t<\/div>\n\t\t<\/section>\n\t\t\t\t<section class=\"elementor-section elementor-top-section elementor-element elementor-element-13f62c1 elementor-section-boxed elementor-section-height-default elementor-section-height-default\" data-id=\"13f62c1\" data-element_type=\"section\" data-e-type=\"section\">\n\t\t\t\t\t\t<div class=\"elementor-container elementor-column-gap-default\">\n\t\t\t\t\t<div class=\"elementor-column elementor-col-100 elementor-top-column elementor-element elementor-element-bf491e9\" data-id=\"bf491e9\" data-element_type=\"column\" data-e-type=\"column\">\n\t\t\t<div class=\"elementor-widget-wrap elementor-element-populated\">\n\t\t\t\t\t\t<div class=\"elementor-element elementor-element-9a2cb2e elementor-widget__width-initial elementor-widget elementor-widget-image\" data-id=\"9a2cb2e\" data-element_type=\"widget\" data-e-type=\"widget\" data-widget_type=\"image.default\">\n\t\t\t\t<div class=\"elementor-widget-container\">\n\t\t\t\t\t\t\t\t\t\t\t\t\t\t\t<img decoding=\"async\" width=\"1024\" height=\"466\" src=\"https:\/\/collegesaintemarie.ddec.nc\/wp-content\/uploads\/2023\/08\/bandeau2.jpg\" class=\"attachment-full size-full wp-image-461\" alt=\"\" srcset=\"https:\/\/collegesaintemarie.ddec.nc\/wp-content\/uploads\/2023\/08\/bandeau2.jpg 1024w, https:\/\/collegesaintemarie.ddec.nc\/wp-content\/uploads\/2023\/08\/bandeau2-300x137.jpg 300w, https:\/\/collegesaintemarie.ddec.nc\/wp-content\/uploads\/2023\/08\/bandeau2-768x350.jpg 768w\" sizes=\"(max-width: 1024px) 100vw, 1024px\" \/>\t\t\t\t\t\t\t\t\t\t\t\t\t\t\t<\/div>\n\t\t\t\t<\/div>\n\t\t\t\t<section class=\"elementor-section elementor-inner-section elementor-element elementor-element-8c32082 elementor-section-boxed elementor-section-height-default elementor-section-height-default\" data-id=\"8c32082\" data-element_type=\"section\" data-e-type=\"section\">\n\t\t\t\t\t\t<div class=\"elementor-container elementor-column-gap-default\">\n\t\t\t\t\t<div class=\"elementor-column elementor-col-100 elementor-inner-column elementor-element elementor-element-eb2c7c0\" data-id=\"eb2c7c0\" data-element_type=\"column\" data-e-type=\"column\">\n\t\t\t<div class=\"elementor-widget-wrap elementor-element-populated\">\n\t\t\t\t\t\t<div class=\"elementor-element elementor-element-d572107 elementor-widget__width-initial elementor-widget elementor-widget-text-editor\" data-id=\"d572107\" data-element_type=\"widget\" data-e-type=\"widget\" data-widget_type=\"text-editor.default\">\n\t\t\t\t<div class=\"elementor-widget-container\">\n\t\t\t\t\t\t\t\t\t<p>\u00ab\u00a0En 1873, les fr\u00e8res maristes sont arriv\u00e9s en Nouvelle-Cal\u00e9donie pour instruire et former les enfants \u00e0 l&rsquo;appel des habitants de Noum\u00e9a.<\/p><p>Deux ans plus tard, l&rsquo;\u00e9cole communale de Pa\u00efta , fr\u00e9quent\u00e9e par les fils des colons, leur est confi\u00e9e par d\u00e9cision du Gouverneur. Ils en auraont la charge jusqu&rsquo;en 1904. Mais d\u00e8s 1877,monsieur Bouscarel, le pr\u00e9sident de la municipalit\u00e9, demande une classe pour les autochtones. Fr\u00e8re Ulbert va s&rsquo;y d\u00e9vouer de longues ann\u00e9es. Les enfants viennent des tribus de Pa\u00efta, il faut les les loger et les nourrir. Monsieur Bouscarel fournit les lts du dortoir et Fr\u00e8re Aristide confectionne leurs premiers habits. Cette institution est transf\u00e9r\u00e9e \u00e0 Yahou\u00e9 en 1883 et r\u00e9unie\u00a0 \u00e0 celle des Orphelins venus de Noum\u00e9a : elle reste confi\u00e9e aux Fr\u00e8res. C&rsquo;est par ce contactavec les enfants et les parents que les missionnaires ont pu assurer l&rsquo;\u00e9vang\u00e9lisation au sein des tribus.<\/p><p>En 1887, les Fr\u00e8res quittent Yahou\u00e9, en emmenant avec eux un certain nombre d&rsquo;\u00e9l\u00e8ves et reviennent sur pa\u00efta dans la propri\u00e9t\u00e9 voisine de Saint L\u00e9on alors pensionnat pour europ\u00e9ens. Ce petit groupe sera le noyau de l&rsquo;Orphelinat Sainte-Marie qui prend naissance le 1er janvier 1888. N\u00e9anmoins, il n&rsquo;y a aucun b\u00e2timent et on loge \u00e0 Saint L\u00e9on jusqu&rsquo;en mars. Il faut tout cr\u00e9er : Fr\u00e8re Louis-Antonio est charg\u00e9 de cette oeuvre.<\/p><p>En 1890, l&rsquo;Orphelinat de Yahou\u00e9 ferme ses portes et plusieurs \u00e9l\u00e8ves viennent encore \u00e0 Sainte Marie. Le Gouverneur Feillet intervient pour que les enfants des tribus voisines puissent fr\u00e9quenter les classes de l&rsquo;Orphelinat. C&rsquo;est le d\u00e9but de Sainte marie en tant qu&rsquo;\u00e9cole d\u00e9di\u00e9e aux kanak. L&rsquo;orphelinat ne cesse de se d\u00e9velopper.<\/p><p>En 1903, suite aux influences la\u00efques, les bourses sont supprim\u00e9es et Sainte Marie n&rsquo;a plus de ressources r\u00e9guli\u00e8res. L&rsquo;orphelinat\u00a0 continue cependant \u00e0 donner l&rsquo;instruction et l&rsquo;\u00e9ducation chr\u00e9tiennes. Les Fr\u00e8res se lancent alors dans l&rsquo;\u00e9levage de troupeaux de b\u00e9tail dont l&rsquo;\u00e9levage permettent d&rsquo;entretenir les \u00e9l\u00e8ves orphelins et enfants des tribus.<\/p><p>En 1912, l&rsquo;\u00e9cole est purement constitu\u00e9 d&rsquo;\u00e9l\u00e8ves kanak. La r\u00e9putation s&rsquo;\u00e9tend au loin et arrivent les premiers enfant s de Yat\u00e9, Bouloupari, Thio. En 1946, les effectifs croissent encore et r\u00e9guli\u00e8rement, les \u00e9tudes deviennent plus s\u00e9rieuses. En 1950, les Fr\u00e8res pr\u00e9sentent des \u00e9l\u00e8ves kanak au Certificat d&rsquo;Etudes Primaires.<\/p><p>Ces jeunes laur\u00e9ats, et d&rsquo;autres, d\u00e9sirent apprendre un m\u00e9tier. Les Fr\u00e8res installent des ateliers de menuiserie, de forge et de m\u00e9canique. Ils construisent alors le grand b\u00e2timent qui longe le haut de la cour de l&rsquo;actuel LPMC.<\/p><p>En 1962, les vieux b\u00e2timents\u00a0 qui abritent l&rsquo;internat, la cuisine, les classes&#8230;sont \u00e9galement trop petits pour convenir aux nombreuses inscriptions\u00a0 et aux exigences d&rsquo;un travail s\u00e9rieux. Un nouveau b\u00e2timent s&rsquo;\u00e9l\u00e8ve rapidement.<\/p><p>Le 1er mars 1964, l&rsquo;\u00e9cole accueille accueille 200 \u00e9l\u00e8ves et c&rsquo;est l&rsquo;ouverture d&rsquo;un CEG (Coll\u00e8ge d&rsquo;Enseignement G\u00e9n\u00e9ral)&#8230;C&rsquo;est le d\u00e9but du Coll\u00e8ge Sainte Marie, les classes sont pleines , la place manque et il faut \u00e9lever un deuxi\u00e8me \u00e9tage.<\/p><p>En 1966, ce sont les premi\u00e8res r\u00e9ussites au BEPC (DNB actuel). Comme pour les \u00e9tudes, les victoires sportives sont nombreuses au niveau local et territorial.<\/p><p>En 1968, la partie technique se s\u00e9pare pour cr\u00e9er le lyc\u00e9e Technique : Le Lyc\u00e9e professionnel Marcellin Champagnat.<\/p><p>En 1972, les classes primaires essaiment \u00e0 leur tour dans les nouveaux locaux de l&rsquo;\u00e9cole Luc Amoura.<\/p><p>Le coll\u00e8ge Sainte Marie prend essor avec le d\u00e9veloppement de la mixit\u00e9 et l&rsquo;ouverture du foyer des filles \u00e0 Sainte Th\u00e9r\u00e8se. Un nouvel internat pour les gar\u00e7ons est construit pr\u00e8s du coll\u00e8ge.<\/p><p>Orphelinat&#8230;Ecole&#8230;Coll\u00e8ge&#8230; Sainte Marie devient progressivement un \u00e9tablissement avec plus de 700 \u00e9l\u00e8ves dans les ann\u00e9es 1990.<\/p><p>Sous la protection de Marie, le petit grain sem\u00e9 en 1888 est devenu un arbre g\u00e9ant aux branches solides. C&rsquo;est aussi une ruche bourdonnante et active dont la commune de Pa\u00efta peut \u00eatre fi\u00e8re. El\u00e8ves et enseignants s&rsquo;efforcent de rester fid\u00e8les aux pionniers, tout en s&rsquo;adaptant aux r\u00e9alit\u00e9s et aux exigences de notre \u00e9poque.<\/p><p>Longue vie \u00e0 Sainte Marie pour les g\u00e9n\u00e9rations \u00e0 venir\u00a0\u00bb.<\/p><p>\u00a0<\/p><p>Source : Fr\u00e8re R\u00e9gis Dupeuble<\/p><p>\u00a0<\/p>\t\t\t\t\t\t\t\t<\/div>\n\t\t\t\t<\/div>\n\t\t\t\t\t<\/div>\n\t\t<\/div>\n\t\t\t\t\t<\/div>\n\t\t<\/section>\n\t\t\t\t\t<\/div>\n\t\t<\/div>\n\t\t\t\t\t<\/div>\n\t\t<\/section>\n\t\t\t\t<section class=\"elementor-section elementor-top-section elementor-element elementor-element-74d4dc9 elementor-section-boxed elementor-section-height-default elementor-section-height-default\" data-id=\"74d4dc9\" data-element_type=\"section\" data-e-type=\"section\">\n\t\t\t\t\t\t<div class=\"elementor-container elementor-column-gap-default\">\n\t\t\t\t\t<div class=\"elementor-column elementor-col-100 elementor-top-column elementor-element elementor-element-6d09c29\" data-id=\"6d09c29\" data-element_type=\"column\" data-e-type=\"column\">\n\t\t\t<div class=\"elementor-widget-wrap elementor-element-populated\">\n\t\t\t\t\t\t<div class=\"elementor-element elementor-element-d1f3134 elementor-widget elementor-widget-heading\" data-id=\"d1f3134\" data-element_type=\"widget\" data-e-type=\"widget\" data-widget_type=\"heading.default\">\n\t\t\t\t<div class=\"elementor-widget-container\">\n\t\t\t\t\t<h2 class=\"elementor-heading-title elementor-size-default\">Organigramme <\/h2>\t\t\t\t<\/div>\n\t\t\t\t<\/div>\n\t\t\t\t<div class=\"elementor-element elementor-element-16e1b66 elementor-widget elementor-widget-image\" data-id=\"16e1b66\" data-element_type=\"widget\" data-e-type=\"widget\" data-widget_type=\"image.default\">\n\t\t\t\t<div class=\"elementor-widget-container\">\n\t\t\t\t\t\t\t\t\t\t\t\t\t\t\t<img decoding=\"async\" width=\"800\" height=\"563\" src=\"https:\/\/collegesaintemarie.ddec.nc\/wp-content\/uploads\/2025\/07\/Organigramme-College-Sainte-Marie-2025-1024x721.jpg\" class=\"attachment-large size-large wp-image-1650\" alt=\"\" srcset=\"https:\/\/collegesaintemarie.ddec.nc\/wp-content\/uploads\/2025\/07\/Organigramme-College-Sainte-Marie-2025-1024x721.jpg 1024w, https:\/\/collegesaintemarie.ddec.nc\/wp-content\/uploads\/2025\/07\/Organigramme-College-Sainte-Marie-2025-300x211.jpg 300w, https:\/\/collegesaintemarie.ddec.nc\/wp-content\/uploads\/2025\/07\/Organigramme-College-Sainte-Marie-2025-768x540.jpg 768w, https:\/\/collegesaintemarie.ddec.nc\/wp-content\/uploads\/2025\/07\/Organigramme-College-Sainte-Marie-2025-1536x1081.jpg 1536w, https:\/\/collegesaintemarie.ddec.nc\/wp-content\/uploads\/2025\/07\/Organigramme-College-Sainte-Marie-2025-2048x1441.jpg 2048w\" sizes=\"(max-width: 800px) 100vw, 800px\" \/>\t\t\t\t\t\t\t\t\t\t\t\t\t\t\t<\/div>\n\t\t\t\t<\/div>\n\t\t\t\t\t<\/div>\n\t\t<\/div>\n\t\t\t\t\t<\/div>\n\t\t<\/section>\n\t\t\t\t<section class=\"elementor-section elementor-top-section elementor-element elementor-element-2fef0d1 elementor-section-boxed elementor-section-height-default elementor-section-height-default\" data-id=\"2fef0d1\" data-element_type=\"section\" data-e-type=\"section\">\n\t\t\t\t\t\t<div class=\"elementor-container elementor-column-gap-default\">\n\t\t\t\t\t<div class=\"elementor-column elementor-col-100 elementor-top-column elementor-element elementor-element-791ca36\" data-id=\"791ca36\" data-element_type=\"column\" data-e-type=\"column\">\n\t\t\t<div class=\"elementor-widget-wrap\">\n\t\t\t\t\t\t\t<\/div>\n\t\t<\/div>\n\t\t\t\t\t<\/div>\n\t\t<\/section>\n\t\t\t\t<section class=\"elementor-section elementor-top-section elementor-element elementor-element-340ee8d elementor-section-boxed elementor-section-height-default elementor-section-height-default\" data-id=\"340ee8d\" data-element_type=\"section\" data-e-type=\"section\">\n\t\t\t\t\t\t<div class=\"elementor-container elementor-column-gap-default\">\n\t\t\t\t\t<div class=\"elementor-column elementor-col-100 elementor-top-column elementor-element elementor-element-a2ef7c8\" data-id=\"a2ef7c8\" data-element_type=\"column\" data-e-type=\"column\">\n\t\t\t<div class=\"elementor-widget-wrap\">\n\t\t\t\t\t\t\t<\/div>\n\t\t<\/div>\n\t\t\t\t\t<\/div>\n\t\t<\/section>\n\t\t\t\t<section class=\"elementor-section elementor-top-section elementor-element elementor-element-a45c8ed elementor-section-boxed elementor-section-height-default elementor-section-height-default\" data-id=\"a45c8ed\" data-element_type=\"section\" data-e-type=\"section\">\n\t\t\t\t\t\t<div class=\"elementor-container elementor-column-gap-default\">\n\t\t\t\t\t<div class=\"elementor-column elementor-col-100 elementor-top-column elementor-element elementor-element-7d902c0\" data-id=\"7d902c0\" data-element_type=\"column\" data-e-type=\"column\">\n\t\t\t<div class=\"elementor-widget-wrap elementor-element-populated\">\n\t\t\t\t\t\t<div class=\"elementor-element elementor-element-af2cbb5 elementor-view-default elementor-widget elementor-widget-icon\" data-id=\"af2cbb5\" data-element_type=\"widget\" data-e-type=\"widget\" data-widget_type=\"icon.default\">\n\t\t\t\t<div class=\"elementor-widget-container\">\n\t\t\t\t\t\t\t<div class=\"elementor-icon-wrapper\">\n\t\t\t<a class=\"elementor-icon\" href=\"https:\/\/www.facebook.com\/collegesaintemariepaita\/\">\n\t\t\t<svg xmlns=\"http:\/\/www.w3.org\/2000\/svg\" height=\"800\" width=\"1200\" viewBox=\"-204.79995 -339.26 1774.9329 2035.56\" style=\"background-color: #4267b2\"><path d=\"M1365.333 682.667C1365.333 305.64 1059.693 0 682.667 0 305.64 0 0 305.64 0 682.667c0 340.738 249.641 623.16 576 674.373V880H402.667V682.667H576v-150.4c0-171.094 101.917-265.6 257.853-265.6 74.69 0 152.814 13.333 152.814 13.333v168h-86.083c-84.804 0-111.25 52.623-111.25 106.61v128.057h189.333L948.4 880H789.333v477.04c326.359-51.213 576-333.635 576-674.373\" fill=\"#fff\"><\/path><\/svg>\t\t\t<\/a>\n\t\t<\/div>\n\t\t\t\t\t\t<\/div>\n\t\t\t\t<\/div>\n\t\t\t\t\t<\/div>\n\t\t<\/div>\n\t\t\t\t\t<\/div>\n\t\t<\/section>\n\t\t\t\t<\/div>\n\t\t","protected":false},"excerpt":{"rendered":"<p>Notre \u00e9tablissement\u00a0 Qui sommes-nous? L&rsquo;\u00e9quipe de direction Bienvenue ! Bienvenue au Coll\u00e8ge Sainte Marie, lieu d&rsquo;apprentissage, de d\u00e9couvertes et d&rsquo;\u00e9panouissement. Au del\u00e0 d&rsquo;\u00eatre un \u00e9tablissement scolaire priv\u00e9, il incarne une communaut\u00e9 \u00e9ducative et engag\u00e9e, o\u00f9 chaque \u00e9l\u00e8ve est au c\u0153ur de nos pr\u00e9occupations. Au sein de nos murs remplis d&rsquo;histoire, nous aspirons \u00e0 offrir un [&hellip;]<\/p>\n","protected":false},"author":2,"featured_media":0,"parent":0,"menu_order":0,"comment_status":"closed","ping_status":"closed","template":"elementor_header_footer","meta":{"footnotes":""},"class_list":["post-13","page","type-page","status-publish","hentry"],"_links":{"self":[{"href":"https:\/\/collegesaintemarie.ddec.nc\/index.php?rest_route=\/wp\/v2\/pages\/13","targetHints":{"allow":["GET"]}}],"collection":[{"href":"https:\/\/collegesaintemarie.ddec.nc\/index.php?rest_route=\/wp\/v2\/pages"}],"about":[{"href":"https:\/\/collegesaintemarie.ddec.nc\/index.php?rest_route=\/wp\/v2\/types\/page"}],"author":[{"embeddable":true,"href":"https:\/\/collegesaintemarie.ddec.nc\/index.php?rest_route=\/wp\/v2\/users\/2"}],"replies":[{"embeddable":true,"href":"https:\/\/collegesaintemarie.ddec.nc\/index.php?rest_route=%2Fwp%2Fv2%2Fcomments&post=13"}],"version-history":[{"count":85,"href":"https:\/\/collegesaintemarie.ddec.nc\/index.php?rest_route=\/wp\/v2\/pages\/13\/revisions"}],"predecessor-version":[{"id":1700,"href":"https:\/\/collegesaintemarie.ddec.nc\/index.php?rest_route=\/wp\/v2\/pages\/13\/revisions\/1700"}],"wp:attachment":[{"href":"https:\/\/collegesaintemarie.ddec.nc\/index.php?rest_route=%2Fwp%2Fv2%2Fmedia&parent=13"}],"curies":[{"name":"wp","href":"https:\/\/api.w.org\/{rel}","templated":true}]}}